{"id":613,"date":"2020-10-14T13:23:29","date_gmt":"2020-10-14T13:23:29","guid":{"rendered":"http:\/\/werdande.de\/?page_id=613"},"modified":"2020-10-14T13:25:54","modified_gmt":"2020-10-14T13:25:54","slug":"therapeutische-methoden-und-arbeitsweise","status":"publish","type":"page","link":"http:\/\/werdande.de\/?page_id=613","title":{"rendered":"Therapeutische Methoden und Arbeitsweise"},"content":{"rendered":"\n<p>In meiner Arbeit konzentriere ich mich auf die Antworten die aus Ihrem eigenen Unterbewussten zu dem bestehenden Problembereich gegeben werden. Ihr Unterbewusstes  hat Zugang zum kollektiven Unterbewusstsein der gesamten Menschheit, dem Wisssen Ihrer Ahnen und Ihrer kulturellen Herkunft,  es kennt ihre Glaubensprogramme und emotinalen Belastungen ebenso wie  ihren Inkarnationsweg und kann die Verbindung zu Ihrem h\u00f6heren Selbst herstellen. <\/p>\n\n\n\n<p>Ein wesenticher Bestandteil meiner Arbeit ist die Freilegung Ihres Wesenskerns  durch R\u00fcckverbindung mit ihrem Herzen, Ihrem inneren Kind und die Harmonisierung von inneren Aspekten und \u00e4u\u00dferen Beziehungen. <\/p>\n\n\n\n<p>F\u00fcr die Kommunikation, Bewusstwerdung  und Aufl\u00f6sung von Einschr\u00e4nkungen nutze ich  meine Intuition und Medialit\u00e4t ebenso wie die  Transformationskinesiologie, stellvertretende Wahrnehmung und K\u00f6rperarbeit  <\/p>\n\n\n\n<p><\/p>\n","protected":false},"excerpt":{"rendered":"<p>In meiner Arbeit konzentriere ich mich auf die Antworten die aus Ihrem eigenen Unterbewussten zu dem bestehenden Problembereich gegeben werden. Ihr Unterbewusstes hat Zugang zum kollektiven Unterbewusstsein der gesamten Menschheit, dem Wisssen Ihrer Ahnen und Ihrer kulturellen Herkunft, es kennt ihre Glaubensprogramme und emotinalen Belastungen ebenso wie ihren Inkarnationsweg und kann die Verbindung zu Ihrem &hellip; <\/p>\n<p class=\"link-more\"><a href=\"http:\/\/werdande.de\/?page_id=613\" class=\"more-link\"><span class=\"screen-reader-text\">\u201eTherapeutische Methoden und Arbeitsweise\u201c <\/span>weiterlesen<\/a><\/p>\n","protected":false},"author":1,"featured_media":0,"parent":0,"menu_order":0,"comment_status":"closed","ping_status":"closed","template":"","meta":{"footnotes":""},"class_list":["post-613","page","type-page","status-publish","hentry"],"_links":{"self":[{"href":"http:\/\/werdande.de\/index.php?rest_route=\/wp\/v2\/pages\/613","targetHints":{"allow":["GET"]}}],"collection":[{"href":"http:\/\/werdande.de\/index.php?rest_route=\/wp\/v2\/pages"}],"about":[{"href":"http:\/\/werdande.de\/index.php?rest_route=\/wp\/v2\/types\/page"}],"author":[{"embeddable":true,"href":"http:\/\/werdande.de\/index.php?rest_route=\/wp\/v2\/users\/1"}],"replies":[{"embeddable":true,"href":"http:\/\/werdande.de\/index.php?rest_route=%2Fwp%2Fv2%2Fcomments&post=613"}],"version-history":[{"count":3,"href":"http:\/\/werdande.de\/index.php?rest_route=\/wp\/v2\/pages\/613\/revisions"}],"predecessor-version":[{"id":618,"href":"http:\/\/werdande.de\/index.php?rest_route=\/wp\/v2\/pages\/613\/revisions\/618"}],"wp:attachment":[{"href":"http:\/\/werdande.de\/index.php?rest_route=%2Fwp%2Fv2%2Fmedia&parent=613"}],"curies":[{"name":"wp","href":"https:\/\/api.w.org\/{rel}","templated":true}]}}