{"id":490,"date":"2018-02-19T14:26:04","date_gmt":"2018-02-19T14:26:04","guid":{"rendered":"http:\/\/werdande.de\/?page_id=490"},"modified":"2018-03-01T07:13:44","modified_gmt":"2018-03-01T07:13:44","slug":"gaestebuch","status":"publish","type":"page","link":"http:\/\/werdande.de\/?page_id=490","title":{"rendered":"G\u00e4stebuch"},"content":{"rendered":"<p><img loading=\"lazy\" decoding=\"async\" class=\"size-full wp-image-507 alignleft\" src=\"http:\/\/werdande.de\/wp-content\/uploads\/2018\/02\/320-WIKI-Banner-orange-image.png\" alt=\"\" width=\"105\" height=\"99\" \/><\/p>\n<p>Ich freue mich auf Ihre Beschreibung zu Erfahrungen mit meiner Arbeit und den speziellen Angeboten.<\/p>\n<p>&nbsp;<\/p>\n<div class=\"gwolle-gb\"><div class=\"gwolle-gb-messages-top-container\"><\/div>\n\t\t\t<div class=\"gwolle-gb-write-button\">\n\t\t\t\t<input type=\"button\" name=\"gwolle-gb-write-button\" class=\"button btn btn-default \" value=\"Neuen Eintrag schreiben\" aria-expanded=\"false\" \/>\n\t\t\t<\/div>\n\t\t\t<form action=\"#\" method=\"POST\" class=\"gwolle-gb-write gwolle-gb-hide gwolle-gb-float gwolle-gb-form-ajax gwolle-gb-ajax gwolle-gb-not-logged-in\">\n\t\t\t\t<h3>Einen neuen Eintrag f\u00fcr das G\u00e4stebuch schreiben<\/h3>\n\t\t\t\t<button type=\"button\" class=\"gb-notice-dismiss\">x<span class=\"screen-reader-text\">Dieses Formular ausblenden<\/span><\/button>\n\t\t\t\n\t\t\t\t<input type=\"hidden\" name=\"gwolle_gb_function\" class=\"gwolle_gb_function\" value=\"add_entry\" \/><input type=\"hidden\" name=\"gwolle_gb_book_id\" class=\"gwolle_gb_book_id\" value=\"1\" \/><div class=\"gwolle_gb_2da2edcf2b4e004140442deffa98292b\">\n\t\t\t\t<div class=\"label\"><label for=\"gwolle_gb_2da2edcf2b4e004140442deffa98292b-1\" class=\"text-info\">Name <span class=\"required\">*<\/span><\/label><\/div>\n\t\t\t\t<div class=\"input\"><input class=\"wp-exclude-emoji gwolle_gb_2da2edcf2b4e004140442deffa98292b\" value=\"\" type=\"text\" id=\"gwolle_gb_2da2edcf2b4e004140442deffa98292b-1\" name=\"gwolle_gb_2da2edcf2b4e004140442deffa98292b\" required \/><\/div>\n\t\t\t\t<div class=\"clearBoth\">&nbsp;<\/div>\n\t\t\t<\/div><div class=\"gwolle_gb_87cf0fd405793a88f4fe8a95285a8e38\">\n\t\t\t\t\t<div class=\"label\"><label for=\"gwolle_gb_87cf0fd405793a88f4fe8a95285a8e38-1\" class=\"text-info\">Stadt<\/label><\/div>\n\t\t\t\t\t<div class=\"input\"><input class=\"wp-exclude-emoji gwolle_gb_87cf0fd405793a88f4fe8a95285a8e38\" value=\"\" type=\"text\" id=\"gwolle_gb_87cf0fd405793a88f4fe8a95285a8e38-1\" name=\"gwolle_gb_87cf0fd405793a88f4fe8a95285a8e38\" \/><\/div>\n\t\t\t\t\t<div class=\"clearBoth\">&nbsp;<\/div>\n\t\t\t\t<\/div><div class=\"gwolle_gb_e16c039265c9ac59de9ce8b7f002fff7\">\n\t\t\t\t<div class=\"label\"><label for=\"gwolle_gb_e16c039265c9ac59de9ce8b7f002fff7-1\" class=\"text-info\">E-Mail <span class=\"required\">*<\/span><\/label><\/div>\n\t\t\t\t<div class=\"input\"><input class=\"gwolle_gb_e16c039265c9ac59de9ce8b7f002fff7\" value=\"\" type=\"email\" id=\"gwolle_gb_e16c039265c9ac59de9ce8b7f002fff7-1\" name=\"gwolle_gb_e16c039265c9ac59de9ce8b7f002fff7\" required \/><\/div>\n\t\t\t\t<div class=\"clearBoth\">&nbsp;<\/div>\n\t\t\t<\/div><div class=\"gwolle_gb_f8b64684a55d5fb1ac5761b60179498c\">\n\t\t\t\t<div class=\"label\"><label for=\"gwolle_gb_f8b64684a55d5fb1ac5761b60179498c-1\" class=\"text-info\">Website<\/label><\/div>\n\t\t\t\t<div class=\"input\"><input class=\"gwolle_gb_f8b64684a55d5fb1ac5761b60179498c\" value=\"\" type=\"url\" id=\"gwolle_gb_f8b64684a55d5fb1ac5761b60179498c-1\" name=\"gwolle_gb_f8b64684a55d5fb1ac5761b60179498c\" \/><\/div>\n\t\t\t\t<div class=\"clearBoth\">&nbsp;<\/div>\n\t\t\t<\/div>\n\t\t\t<div class=\"gwolle_gb_087029cf96dc156d03cbc66af71e2ce4\" style=\"display:none;overflow:hidden;\" hidden=\"true\" aria-hidden=\"true\">\n\t\t\t\t<div class=\"label\">\n\t\t\t\t\t<label for=\"gwolle_gb_087029cf96dc156d03cbc66af71e2ce4-1\" class=\"text-primary\">Hier nichts eingeben<\/label>\n\t\t\t\t\t<label for=\"gwolle_gb_acc3f862a3146191dbc64c18b24e62cc-1\" class=\"text-primary\">Hier nichts eingeben<\/label>\n\t\t\t\t<\/div>\n\t\t\t\t<div class=\"input\">\n\t\t\t\t\t<input value=\"2\" type=\"text\" id=\"gwolle_gb_087029cf96dc156d03cbc66af71e2ce4-1\" name=\"gwolle_gb_087029cf96dc156d03cbc66af71e2ce4\" class=\"gwolle_gb_087029cf96dc156d03cbc66af71e2ce4\" style=\"transform: translateY(10000px);\" \/>\n\t\t\t\t\t<input value=\"\" type=\"text\" name=\"gwolle_gb_acc3f862a3146191dbc64c18b24e62cc\" id=\"gwolle_gb_acc3f862a3146191dbc64c18b24e62cc-1\" class=\"gwolle_gb_acc3f862a3146191dbc64c18b24e62cc\" style=\"transform: translateY(10000px);\" \/>\n\t\t\t\t<\/div>\n\t\t\t\t<div class=\"clearBoth\"><\/div>\n\t\t\t<\/div>\n\t\t\t<div class=\"gwolle_gb_7e5ecb9596c4a4515c76b950d0ec1d33\" style=\"display:none;overflow:hidden;\" hidden=\"true\" aria-hidden=\"true\">\n\t\t\t\t<div class=\"label\">\n\t\t\t\t\t<label for=\"gwolle_gb_7e5ecb9596c4a4515c76b950d0ec1d33-1\" class=\"text-primary\">Hier nichts eingeben<\/label>\n\t\t\t\t\t<label for=\"gwolle_gb_0aefc752932ad59210458be634477f23-1\" class=\"text-primary\">Hier nichts eingeben<\/label>\n\t\t\t\t<\/div>\n\t\t\t\t<div class=\"input\">\n\t\t\t\t\t<input value=\"20365\" type=\"text\" id=\"gwolle_gb_7e5ecb9596c4a4515c76b950d0ec1d33-1\" name=\"gwolle_gb_7e5ecb9596c4a4515c76b950d0ec1d33\" class=\"gwolle_gb_7e5ecb9596c4a4515c76b950d0ec1d33\" style=\"transform: translateY(10000px);\" \/>\n\t\t\t\t\t<input value=\"20365\" type=\"text\"id=\"gwolle_gb_0aefc752932ad59210458be634477f23-1\" name=\"gwolle_gb_0aefc752932ad59210458be634477f23\" class=\"gwolle_gb_0aefc752932ad59210458be634477f23\" style=\"transform: translateY(10000px);\" \/>\n\t\t\t\t<\/div>\n\t\t\t\t<div class=\"clearBoth\"><\/div>\n\t\t\t<\/div><div class=\"gwolle_gb_content\">\n\t\t\t\t<div class=\"label\"><label for=\"gwolle_gb_content-1\" class=\"text-info\">G\u00e4stebucheintrag <span class=\"required\">*<\/span><\/label><\/div>\n\t\t\t\t<div class=\"input\"><textarea id=\"gwolle_gb_content-1\" name=\"gwolle_gb_content\" class=\"gwolle_gb_content wp-exclude-emoji\" required ><\/textarea><\/div>\n\t\t\t\t\t<div class=\"clearBoth\">&nbsp;<\/div>\n\t\t\t\t<\/div><input type=\"hidden\" class=\"gwolle_gb_dc2193a99b0cce5e235229e4fa19d643\" id=\"gwolle_gb_dc2193a99b0cce5e235229e4fa19d643-1\" name=\"gwolle_gb_dc2193a99b0cce5e235229e4fa19d643\" value=\"18dd4c9f9c\" \/>\n\t\t\t<div class=\"gwolle-gb-messages-bottom-container\"><\/div>\n\n\t\t\t<noscript><div class=\"no-js\">Warnung: Dieses Formular kann nur verwendet werden, wenn in deinem Browser JavaScript aktiviert ist.<\/div><\/noscript>\n\n\t\t\t<div class=\"gwolle_gb_submit gwolle-gb-submit\">\n\t\t\t\t<div class=\"label gwolle-gb-invisible text-muted\">&nbsp;<\/div>\n\t\t\t\t<div class=\"input\">\n\t\t\t\t\t<input type=\"submit\" name=\"gwolle_gb_submit\" class=\"gwolle_gb_submit button btn btn-primary \" value=\"Absenden\" \/>\n\t\t\t\t\t<span class=\"gwolle_gb_submit_ajax_icon gwolle-gb-submit-ajax-icon\"><\/span>\n\t\t\t\n\t\t\t\t<\/div>\n\t\t\t\t<div class=\"clearBoth\">&nbsp;<\/div>\n\t\t\t<\/div>\n\n\t\t\t<div class=\"gwolle_gb_notice gwolle-gb-notice\">\n\t\t\t\t<br \/>\nMit * gekennzeichnete Felder sind erforderlich.<br \/>\nDeine E-Mail-Adresse wird nicht ver\u00f6ffentlicht.<br \/>\nEs ist m\u00f6glich, dass dein Eintrag im G\u00e4stebuch erst sichtbar ist, nachdem wir ihn \u00fcberpr\u00fcft haben.<br \/>\nWir behalten uns vor, Eintr\u00e4ge zu bearbeiten, zu l\u00f6schen oder nicht zu ver\u00f6ffentlichen.<br \/>\n\n\t\t\t<\/div><\/form><div class=\"gwolle-gb-read gwolle-gb-ajax gwolle-gb-entries-list\" data-book_id=\"1\" data-page_id=\"1\">\n\t\t<div id=\"gwolle-gb-total\" class=\"gwolle-gb-total\">2 Eintr\u00e4ge<\/div><!-- Gwolle-GB Entry: Default Template Loaded -->\n\t\t\t\t<div class=\"gb-entry gb-entry_2 gb-entry-count_1 gwolle-gb-uneven gwolle-gb-first\" id=\"gb-entry_2\" data-entry_id=\"2\">\n\t\t\t\t<article>\n\t\t\t\t\t<div class=\"gb-author-info\">\n\t\t\t\t\t\t<span class=\"gb-author-avatar\"><img referrerpolicy=\"no-referrer\" alt='Petra B.' src='https:\/\/secure.gravatar.com\/avatar\/9aeba811306218cb21bebe82c415fc55dadea28664a253858e9b8c68ae3c0eb3?s=32&#038;d=mm&#038;r=g' srcset='https:\/\/secure.gravatar.com\/avatar\/9aeba811306218cb21bebe82c415fc55dadea28664a253858e9b8c68ae3c0eb3?s=64&#038;d=mm&#038;r=g 2x' class='avatar avatar-32 photo' height='32' width='32' \/><\/span>\n\t\t\t\t\t\t<span class=\"gb-author-name\">Petra B.\n\t\t\t\t\t\t<\/span>\n\t\t\t\t\t\t<span class=\"gb-author-origin\">\n\t\t\t\t\t\t\t<span class=\"gb-author-origin-from-text\"> aus<\/span>\n\t\t\t\t\t\t\t<span class=\"gb-author-origin-text\"> Berlin<\/span>\n\t\t\t\t\t\t<\/span>\n\t\t\t\t\t\t<span class=\"gb-datetime\">\n\t\t\t\t\t\t\t<span class=\"gb-date\"><span class=\"gb-date-wrote-text\"> schrieb am<\/span><span class=\"gb-date-text\"> Januar 24, 2019<\/span>\n\t\t\t\t\t\t\t<\/span><span class=\"gb-time\">\n\t\t\t\t\t\t\t\t\t<span class=\"gb-time-at-text\"> um<\/span>\n\t\t\t\t\t\t\t\t\t<span class=\"gb-time-text\"> 10:24 a.m.<\/span>\n\t\t\t\t\t\t\t\t<\/span>\n\t\t\t\t\t\t<\/span> \n\t\t\t\t\t<\/div>\n\t\t\t\t\t<div class=\"gb-entry-content\">Die Arbeit von Karen Kaouk hat mich tief beeindruckt. Gerade auch der Weg zu den L\u00f6sungen zu kommen war sehr gut nachvollziehbar und auf meinen eigenen K\u00f6rper bezogen. So das ich nach 2 Stunden befreiter und leichter wieder gehen konnte und meine Sorgen, hier ging es mir um meinen Enkel, loslassen kann. Dazu war dies noch verbunden mit eigenen Erkenntnissen zu mir, die sehr spannend wurden.\nEs haben sich so manche Kreise geschlossen. Vielen Dank\n\t\t\t\t\t<\/div>\n\t\t\t\t<\/article>\n\t\t\t<\/div>\n\t\t\t<div class=\"gb-entry gb-entry_1 gb-entry-count_2 gwolle-gb-even\" id=\"gb-entry_1\" data-entry_id=\"1\">\n\t\t\t\t<article>\n\t\t\t\t\t<div class=\"gb-author-info\">\n\t\t\t\t\t\t<span class=\"gb-author-avatar\"><img referrerpolicy=\"no-referrer\" alt='Waltraud Jayanti' src='https:\/\/secure.gravatar.com\/avatar\/b770f38f8e29e7fcb75085c7635f2e8a3253680c56352d8256d1597d41e9511c?s=32&#038;d=mm&#038;r=g' srcset='https:\/\/secure.gravatar.com\/avatar\/b770f38f8e29e7fcb75085c7635f2e8a3253680c56352d8256d1597d41e9511c?s=64&#038;d=mm&#038;r=g 2x' class='avatar avatar-32 photo' height='32' width='32' \/><\/span>\n\t\t\t\t\t\t<span class=\"gb-author-name\"><a href=\"http:\/\/www.jayanti-herzensyoga.de\" target=\"_blank\" rel=\"nofollow noopener noreferrer\"\n\t\t\t\t\t\t\ttitle=\"Besuche die Website von Waltraud Jayanti: http:\/\/www.jayanti-herzensyoga.de\">Waltraud Jayanti<\/a>\n\t\t\t\t\t\t<\/span>\n\t\t\t\t\t\t<span class=\"gb-author-origin\">\n\t\t\t\t\t\t\t<span class=\"gb-author-origin-from-text\"> aus<\/span>\n\t\t\t\t\t\t\t<span class=\"gb-author-origin-text\"> Genshagen<\/span>\n\t\t\t\t\t\t<\/span>\n\t\t\t\t\t\t<span class=\"gb-datetime\">\n\t\t\t\t\t\t\t<span class=\"gb-date\"><span class=\"gb-date-wrote-text\"> schrieb am<\/span><span class=\"gb-date-text\"> Mai 19, 2018<\/span>\n\t\t\t\t\t\t\t<\/span><span class=\"gb-time\">\n\t\t\t\t\t\t\t\t\t<span class=\"gb-time-at-text\"> um<\/span>\n\t\t\t\t\t\t\t\t\t<span class=\"gb-time-text\"> 6:51 a.m.<\/span>\n\t\t\t\t\t\t\t\t<\/span>\n\t\t\t\t\t\t<\/span> \n\t\t\t\t\t<\/div>\n\t\t\t\t\t<div class=\"gb-entry-content\">Liebe Karen,\nvon ganzem Herzen m\u00f6chte ich Dir danken f\u00fcr Dein Sein, Dein wunderbares Wesen, welches ein wahres Geschenk ist in dieser Welt. Tiefe Dankbarkeit und stille Freude erf\u00fcllen mich heute, so kann ich sp\u00fcren, dass Du eine schwere Last von mir genommen hast. Es scheint, als sehe ich die Welt pl\u00f6tzlich mit anderen Augen, jetzt, wo ein dunkler Schatten von mir genommen wurde. Ich kann es gar nicht mit Worten beschreiben oder mit dem Verstand erfassen, was geschehen ist in der Begegnung mit Dir - Werdande. Du gibst mir den Glauben und das Vertrauen an die heilende Kraft der Weiblichkeit zur\u00fcck, dieses N\u00e4hrende, Weiche, Tragende, Besch\u00fctzende und M\u00fctterliche, das die Welt so dringend braucht jetzt. Danke f\u00fcr etwas, was ich noch nicht benennen kann, was sich jetzt grade tief in mir ausbreiten m\u00f6chte in jeder Zelle meines Seins - Liebe. In Liebe und Verbundenheit Waltraud Jayanti\n\t\t\t\t\t<\/div>\n\t\t\t\t<\/article>\n\t\t\t<\/div>\n\t\t\t<\/div><\/div>\n<p>&nbsp;<\/p>\n","protected":false},"excerpt":{"rendered":"<p>Ich freue mich auf Ihre Beschreibung zu Erfahrungen mit meiner Arbeit und den speziellen Angeboten. &nbsp; &nbsp;<\/p>\n","protected":false},"author":1,"featured_media":0,"parent":0,"menu_order":0,"comment_status":"closed","ping_status":"closed","template":"","meta":{"footnotes":""},"class_list":["post-490","page","type-page","status-publish","hentry"],"_links":{"self":[{"href":"http:\/\/werdande.de\/index.php?rest_route=\/wp\/v2\/pages\/490","targetHints":{"allow":["GET"]}}],"collection":[{"href":"http:\/\/werdande.de\/index.php?rest_route=\/wp\/v2\/pages"}],"about":[{"href":"http:\/\/werdande.de\/index.php?rest_route=\/wp\/v2\/types\/page"}],"author":[{"embeddable":true,"href":"http:\/\/werdande.de\/index.php?rest_route=\/wp\/v2\/users\/1"}],"replies":[{"embeddable":true,"href":"http:\/\/werdande.de\/index.php?rest_route=%2Fwp%2Fv2%2Fcomments&post=490"}],"version-history":[{"count":15,"href":"http:\/\/werdande.de\/index.php?rest_route=\/wp\/v2\/pages\/490\/revisions"}],"predecessor-version":[{"id":517,"href":"http:\/\/werdande.de\/index.php?rest_route=\/wp\/v2\/pages\/490\/revisions\/517"}],"wp:attachment":[{"href":"http:\/\/werdande.de\/index.php?rest_route=%2Fwp%2Fv2%2Fmedia&parent=490"}],"curies":[{"name":"wp","href":"https:\/\/api.w.org\/{rel}","templated":true}]}}