{"id":18,"date":"2017-09-17T14:03:26","date_gmt":"2017-09-17T14:03:26","guid":{"rendered":"http:\/\/werdani.one\/?page_id=18"},"modified":"2018-03-01T07:24:59","modified_gmt":"2018-03-01T07:24:59","slug":"aktuelle-kursangebote","status":"publish","type":"page","link":"http:\/\/werdande.de\/?page_id=18","title":{"rendered":"aktuelle Kursangebote TRE"},"content":{"rendered":"<h2><img loading=\"lazy\" decoding=\"async\" class=\"alignleft wp-image-47 size-thumbnail\" src=\"http:\/\/werdande.de\/wp-content\/uploads\/2017\/09\/Logo-f\u00fcr-Praxis-150x150.png\" alt=\"\" width=\"150\" height=\"150\" srcset=\"http:\/\/werdande.de\/wp-content\/uploads\/2017\/09\/Logo-f\u00fcr-Praxis-150x150.png 150w, http:\/\/werdande.de\/wp-content\/uploads\/2017\/09\/Logo-f\u00fcr-Praxis-100x100.png 100w\" sizes=\"auto, (max-width: 150px) 100vw, 150px\" \/>Zur pers\u00f6nlichen Transformation finden fortlaufende TRE- Gruppen und Intensivwochenenden statt<\/h2>\n<h2><strong>TRE Gruppe in Potsdam<\/strong><\/h2>\n<h1>Was ist TRE ?<\/h1>\n<p>TRE steht f\u00fcr Trauma und Tension Releasing Exercises<\/p>\n<p>Es bezeichnet eine von David Berceli entwickelte \u00dcbungsgruppe zur Aufl\u00f6sung von chronischen Spannungen oder der durch Trauma gebundenen Energie im K\u00f6rperfeld.<\/p>\n<p style=\"text-align: left;\">Die verbliebene Restspannung von Erfahrungen, die mit Trauma oder toxischem Stress einher gingen verhindert, dass Du dein wahres SELBST zum Ausdruck bringen kannst. Die h\u00f6heren Aspekte Deines Wesens k\u00f6nnen sich nicht manifestieren, solange Angst und Anspannung in Deinem K\u00f6rper vorhanden sind und dazu f\u00fchren, dass immer wieder die gleichen Muster ausagiert werden, bis die Restspannung endlich aufgel\u00f6st ist.<\/p>\n<p style=\"text-align: left;\">Sieben einfache K\u00f6rper\u00fcbungen k\u00f6nnen Dir dabei helfen, den nat\u00fcrlichen L\u00f6sungsmechanismus in deinem Nervensystem zu aktivieren, um den K\u00f6rper sanft von alten Belastungen zu befreien.<\/p>\n<p style=\"text-align: left;\">Lass Dich nicht mehr von den Programmierungen der Vergangenheit abhalten, zu sein, wer Du wirklich bist und Dich in Dir selbst zuhause zu f\u00fchlen.<\/p>\n<h1>mehr \u00fcber TRE<\/h1>\n<p>Radiosendung des WDR &#8222;Neugier gen\u00fcgt- Das Feature 12\/2016&#8220; \u00fcber TRE<\/p>\n<audio class=\"wp-audio-shortcode\" id=\"audio-18-1\" preload=\"none\" style=\"width: 100%;\" controls=\"controls\"><source type=\"audio\/mpeg\" src=\"http:\/\/werdande.de\/wp-content\/uploads\/2017\/12\/wdr5neugiergenuegtdasfeature_2016-12-06_trekoerperuebungenfuertraumaheilung_wdr5.mp3?_=1\" \/><a href=\"http:\/\/werdande.de\/wp-content\/uploads\/2017\/12\/wdr5neugiergenuegtdasfeature_2016-12-06_trekoerperuebungenfuertraumaheilung_wdr5.mp3\">http:\/\/werdande.de\/wp-content\/uploads\/2017\/12\/wdr5neugiergenuegtdasfeature_2016-12-06_trekoerperuebungenfuertraumaheilung_wdr5.mp3<\/a><\/audio>\n<p><img loading=\"lazy\" decoding=\"async\" class=\"alignleft wp-image-42 size-full\" src=\"http:\/\/werdani.one\/wp-content\/uploads\/2017\/09\/TRE-Flyer-Vorderseite.jpg\" alt=\"\" width=\"264\" height=\"572\" srcset=\"http:\/\/werdande.de\/wp-content\/uploads\/2017\/09\/TRE-Flyer-Vorderseite.jpg 264w, http:\/\/werdande.de\/wp-content\/uploads\/2017\/09\/TRE-Flyer-Vorderseite-138x300.jpg 138w\" sizes=\"auto, (max-width: 264px) 100vw, 264px\" \/> <img loading=\"lazy\" decoding=\"async\" class=\"alignnone wp-image-43 size-full\" src=\"http:\/\/werdani.one\/wp-content\/uploads\/2017\/09\/TRE-Flyer-R\u00fcckseite.jpg\" alt=\"\" width=\"263\" height=\"571\" srcset=\"http:\/\/werdande.de\/wp-content\/uploads\/2017\/09\/TRE-Flyer-R\u00fcckseite.jpg 263w, http:\/\/werdande.de\/wp-content\/uploads\/2017\/09\/TRE-Flyer-R\u00fcckseite-138x300.jpg 138w\" sizes=\"auto, (max-width: 263px) 100vw, 263px\" \/><\/p>\n","protected":false},"excerpt":{"rendered":"<p>Zur pers\u00f6nlichen Transformation finden fortlaufende TRE- Gruppen und Intensivwochenenden statt TRE Gruppe in Potsdam Was ist TRE ? TRE steht f\u00fcr Trauma und Tension Releasing Exercises Es bezeichnet eine von David Berceli entwickelte \u00dcbungsgruppe zur Aufl\u00f6sung von chronischen Spannungen oder der durch Trauma gebundenen Energie im K\u00f6rperfeld. Die verbliebene Restspannung von Erfahrungen, die mit Trauma &hellip; <\/p>\n<p class=\"link-more\"><a href=\"http:\/\/werdande.de\/?page_id=18\" class=\"more-link\"><span class=\"screen-reader-text\">\u201eaktuelle Kursangebote TRE\u201c <\/span>weiterlesen<\/a><\/p>\n","protected":false},"author":1,"featured_media":0,"parent":0,"menu_order":0,"comment_status":"closed","ping_status":"closed","template":"","meta":{"footnotes":""},"class_list":["post-18","page","type-page","status-publish","hentry"],"_links":{"self":[{"href":"http:\/\/werdande.de\/index.php?rest_route=\/wp\/v2\/pages\/18","targetHints":{"allow":["GET"]}}],"collection":[{"href":"http:\/\/werdande.de\/index.php?rest_route=\/wp\/v2\/pages"}],"about":[{"href":"http:\/\/werdande.de\/index.php?rest_route=\/wp\/v2\/types\/page"}],"author":[{"embeddable":true,"href":"http:\/\/werdande.de\/index.php?rest_route=\/wp\/v2\/users\/1"}],"replies":[{"embeddable":true,"href":"http:\/\/werdande.de\/index.php?rest_route=%2Fwp%2Fv2%2Fcomments&post=18"}],"version-history":[{"count":33,"href":"http:\/\/werdande.de\/index.php?rest_route=\/wp\/v2\/pages\/18\/revisions"}],"predecessor-version":[{"id":581,"href":"http:\/\/werdande.de\/index.php?rest_route=\/wp\/v2\/pages\/18\/revisions\/581"}],"wp:attachment":[{"href":"http:\/\/werdande.de\/index.php?rest_route=%2Fwp%2Fv2%2Fmedia&parent=18"}],"curies":[{"name":"wp","href":"https:\/\/api.w.org\/{rel}","templated":true}]}}