{"id":16,"date":"2017-09-17T14:03:26","date_gmt":"2017-09-17T14:03:26","guid":{"rendered":"http:\/\/werdani.one\/?page_id=16"},"modified":"2017-12-05T23:01:42","modified_gmt":"2017-12-05T23:01:42","slug":"projekte","status":"publish","type":"page","link":"http:\/\/werdande.de\/?page_id=16","title":{"rendered":"aktuelle Projekte"},"content":{"rendered":"<h2><img loading=\"lazy\" decoding=\"async\" class=\"alignleft wp-image-419 size-large\" src=\"http:\/\/werdande.de\/wp-content\/uploads\/2017\/09\/IMG_0134-Kopie-1024x768.jpg\" alt=\"\" width=\"525\" height=\"394\" srcset=\"http:\/\/werdande.de\/wp-content\/uploads\/2017\/09\/IMG_0134-Kopie-1024x768.jpg 1024w, http:\/\/werdande.de\/wp-content\/uploads\/2017\/09\/IMG_0134-Kopie-300x225.jpg 300w, http:\/\/werdande.de\/wp-content\/uploads\/2017\/09\/IMG_0134-Kopie-768x576.jpg 768w\" sizes=\"auto, (max-width: 525px) 100vw, 525px\" \/>soziales Kompetenztraining f\u00fcr Kinder mit Lern- und Verhaltensst\u00f6rungen<\/h2>\n<p>08 und 10\/2017 Entwicklung und Durchf\u00fchrung eines sozialen Kompetenztrainings f\u00fcr Fl\u00fcchtlingskinder in Kooperation mit der Potsdamer K\u00fcnstlerin Annette Messig und dem syrischen K\u00fcnstler Imad Alfil<\/p>\n<p>Durchf\u00fchrung beim Tr\u00e4ger AWO Bezirksverband Potsdam e.V.<\/p>\n<h2>BegegnungsRaum-\u00a0 Stabilisierung von Fl\u00fcchtlingen mit Traumafolgest\u00f6rungen 2016 &#8211; 2018<img loading=\"lazy\" decoding=\"async\" class=\"alignleft size-medium wp-image-371\" src=\"http:\/\/werdani.one\/wp-content\/uploads\/2017\/09\/Blume-Platz-der-Kulturen-300x264.jpg\" alt=\"\" width=\"300\" height=\"264\" srcset=\"http:\/\/werdande.de\/wp-content\/uploads\/2017\/09\/Blume-Platz-der-Kulturen-300x264.jpg 300w, http:\/\/werdande.de\/wp-content\/uploads\/2017\/09\/Blume-Platz-der-Kulturen.jpg 643w\" sizes=\"auto, (max-width: 300px) 100vw, 300px\" \/><\/h2>\n<p>Refugeetrainingsprogramm: &#8222;Friede im Herzen&#8220;<\/p>\n<p>Mit Hilfe von Einzelberatungen zu den gesundheitlichen Auswirkungen von Flucht und Trauma und der Vermittlung von k\u00f6rperorientierten Techniken zur Stress- und Traumabew\u00e4ltigung habe ich in Potsdam lebende Gefl\u00fcchtete bei ihren Integrationsbem\u00fchungen unterst\u00fctzt.<\/p>\n<p>Durchf\u00fchrung des Projektes\u00a0 beim Tr\u00e4ger \u00a0AWO Bezirksverband Potsdam e.V.<\/p>\n<figure id=\"attachment_461\" aria-describedby=\"caption-attachment-461\" style=\"width: 225px\" class=\"wp-caption alignleft\"><img loading=\"lazy\" decoding=\"async\" class=\"wp-image-461 size-medium\" src=\"http:\/\/werdande.de\/wp-content\/uploads\/2017\/12\/IMG-20160624-WA0010-225x300.jpg\" alt=\"\" width=\"225\" height=\"300\" srcset=\"http:\/\/werdande.de\/wp-content\/uploads\/2017\/12\/IMG-20160624-WA0010-225x300.jpg 225w, http:\/\/werdande.de\/wp-content\/uploads\/2017\/12\/IMG-20160624-WA0010.jpg 720w\" sizes=\"auto, (max-width: 225px) 100vw, 225px\" \/><figcaption id=\"caption-attachment-461\" class=\"wp-caption-text\">die ersten Teilnehmer an einem Trainingskurs<\/figcaption><\/figure>\n<p><img loading=\"lazy\" decoding=\"async\" class=\"alignleft wp-image-462 \" src=\"http:\/\/werdande.de\/wp-content\/uploads\/2017\/12\/Foto-BegegnungsRaum-300x223.jpg\" alt=\"\" width=\"327\" height=\"243\" srcset=\"http:\/\/werdande.de\/wp-content\/uploads\/2017\/12\/Foto-BegegnungsRaum-300x223.jpg 300w, http:\/\/werdande.de\/wp-content\/uploads\/2017\/12\/Foto-BegegnungsRaum.jpg 574w\" sizes=\"auto, (max-width: 327px) 100vw, 327px\" \/><\/p>\n<h1>Ukraine -Aus Konflikten zu Dialog und Verst\u00e4ndigung 2015 und 2016<img loading=\"lazy\" decoding=\"async\" class=\"alignleft size-medium wp-image-373\" src=\"http:\/\/werdani.one\/wp-content\/uploads\/2017\/09\/IMG-20160124-WA0003-290x300.jpg\" alt=\"\" width=\"290\" height=\"300\" srcset=\"http:\/\/werdande.de\/wp-content\/uploads\/2017\/09\/IMG-20160124-WA0003-290x300.jpg 290w, http:\/\/werdande.de\/wp-content\/uploads\/2017\/09\/IMG-20160124-WA0003-768x794.jpg 768w, http:\/\/werdande.de\/wp-content\/uploads\/2017\/09\/IMG-20160124-WA0003-990x1024.jpg 990w, http:\/\/werdande.de\/wp-content\/uploads\/2017\/09\/IMG-20160124-WA0003.jpg 1182w\" sizes=\"auto, (max-width: 290px) 100vw, 290px\" \/><\/h1>\n<p class=\"oben\">In dem Projekt habe ich\u00a0 Fortbildungen f\u00fcr Psychologen, Psychiater und Sozialarbeiter in k\u00f6rperorientierten Methoden zur Traumabew\u00e4ltigung bei Menschen, die vom Krieg vielf\u00e4ltig emotional und psychisch schwer belastet sind durchgef\u00fchrt.<\/p>\n<p>In verschiedenen St\u00e4dten in der Ukraine (Charkiw, Dnipro, Zaporizhia, Odessa, Mykolajiw und Kiew) wurden f\u00fcnf Seminare in der Vermittlung k\u00f6rperorientierter Techniken der Traumatherapie und sieben Workshops f\u00fcr Multiplikatoren (Fachleute und Freiwillige) durchgef\u00fchrt, um Fachwissen zu vermitteln und gemeinsam Konzepte zu erarbeiten, die auch f\u00fcr andere Berufskollegen hilfreich sind.<\/p>\n<p>Tr\u00e4ger: S\u00fcdosteuropa Kultur e.V und Stiftung \u00dcberbr\u00fccken<\/p>\n<figure id=\"attachment_458\" aria-describedby=\"caption-attachment-458\" style=\"width: 300px\" class=\"wp-caption alignleft\"><img loading=\"lazy\" decoding=\"async\" class=\"wp-image-458 size-medium\" src=\"http:\/\/werdande.de\/wp-content\/uploads\/2017\/12\/20160121_123741-300x225.jpg\" alt=\"\" width=\"300\" height=\"225\" srcset=\"http:\/\/werdande.de\/wp-content\/uploads\/2017\/12\/20160121_123741-300x225.jpg 300w, http:\/\/werdande.de\/wp-content\/uploads\/2017\/12\/20160121_123741-768x576.jpg 768w, http:\/\/werdande.de\/wp-content\/uploads\/2017\/12\/20160121_123741-1024x768.jpg 1024w\" sizes=\"auto, (max-width: 300px) 100vw, 300px\" \/><figcaption id=\"caption-attachment-458\" class=\"wp-caption-text\">TRE in Charkiw Gruppe1<\/figcaption><\/figure>\n<figure id=\"attachment_460\" aria-describedby=\"caption-attachment-460\" style=\"width: 525px\" class=\"wp-caption alignleft\"><img loading=\"lazy\" decoding=\"async\" class=\"wp-image-460 size-large\" src=\"http:\/\/werdande.de\/wp-content\/uploads\/2017\/12\/20160921_151357-e1512513820241-1024x768.jpg\" alt=\"\" width=\"525\" height=\"394\" srcset=\"http:\/\/werdande.de\/wp-content\/uploads\/2017\/12\/20160921_151357-e1512513820241-1024x768.jpg 1024w, http:\/\/werdande.de\/wp-content\/uploads\/2017\/12\/20160921_151357-e1512513820241-300x225.jpg 300w, http:\/\/werdande.de\/wp-content\/uploads\/2017\/12\/20160921_151357-e1512513820241-768x576.jpg 768w\" sizes=\"auto, (max-width: 525px) 100vw, 525px\" \/><figcaption id=\"caption-attachment-460\" class=\"wp-caption-text\">TRE in Odessa<\/figcaption><\/figure>\n<figure id=\"attachment_459\" aria-describedby=\"caption-attachment-459\" style=\"width: 300px\" class=\"wp-caption alignnone\"><img loading=\"lazy\" decoding=\"async\" class=\"wp-image-459 size-medium\" src=\"http:\/\/werdande.de\/wp-content\/uploads\/2017\/12\/20160121_123758-300x225.jpg\" alt=\"\" width=\"300\" height=\"225\" srcset=\"http:\/\/werdande.de\/wp-content\/uploads\/2017\/12\/20160121_123758-300x225.jpg 300w, http:\/\/werdande.de\/wp-content\/uploads\/2017\/12\/20160121_123758-768x576.jpg 768w, http:\/\/werdande.de\/wp-content\/uploads\/2017\/12\/20160121_123758-1024x768.jpg 1024w\" sizes=\"auto, (max-width: 300px) 100vw, 300px\" \/><figcaption id=\"caption-attachment-459\" class=\"wp-caption-text\">Auswertung der ersten Erfahrungen mit TRE<\/figcaption><\/figure>\n<h2>&#8222;Das Nest&#8220; &#8211; Kompetenzzentrum und Lebensbegleitung f\u00fcr Kinder, Jugendliche und Eltern<\/h2>\n<p>( Projektkonzept 2013 f\u00fcr Drehmoment e.V.)<\/p>\n","protected":false},"excerpt":{"rendered":"<p>soziales Kompetenztraining f\u00fcr Kinder mit Lern- und Verhaltensst\u00f6rungen 08 und 10\/2017 Entwicklung und Durchf\u00fchrung eines sozialen Kompetenztrainings f\u00fcr Fl\u00fcchtlingskinder in Kooperation mit der Potsdamer K\u00fcnstlerin Annette Messig und dem syrischen K\u00fcnstler Imad Alfil Durchf\u00fchrung beim Tr\u00e4ger AWO Bezirksverband Potsdam e.V. BegegnungsRaum-\u00a0 Stabilisierung von Fl\u00fcchtlingen mit Traumafolgest\u00f6rungen 2016 &#8211; 2018 Refugeetrainingsprogramm: &#8222;Friede im Herzen&#8220; Mit Hilfe &hellip; <\/p>\n<p class=\"link-more\"><a href=\"http:\/\/werdande.de\/?page_id=16\" class=\"more-link\"><span class=\"screen-reader-text\">\u201eaktuelle Projekte\u201c <\/span>weiterlesen<\/a><\/p>\n","protected":false},"author":1,"featured_media":0,"parent":0,"menu_order":0,"comment_status":"closed","ping_status":"closed","template":"","meta":{"footnotes":""},"class_list":["post-16","page","type-page","status-publish","hentry"],"_links":{"self":[{"href":"http:\/\/werdande.de\/index.php?rest_route=\/wp\/v2\/pages\/16","targetHints":{"allow":["GET"]}}],"collection":[{"href":"http:\/\/werdande.de\/index.php?rest_route=\/wp\/v2\/pages"}],"about":[{"href":"http:\/\/werdande.de\/index.php?rest_route=\/wp\/v2\/types\/page"}],"author":[{"embeddable":true,"href":"http:\/\/werdande.de\/index.php?rest_route=\/wp\/v2\/users\/1"}],"replies":[{"embeddable":true,"href":"http:\/\/werdande.de\/index.php?rest_route=%2Fwp%2Fv2%2Fcomments&post=16"}],"version-history":[{"count":23,"href":"http:\/\/werdande.de\/index.php?rest_route=\/wp\/v2\/pages\/16\/revisions"}],"predecessor-version":[{"id":464,"href":"http:\/\/werdande.de\/index.php?rest_route=\/wp\/v2\/pages\/16\/revisions\/464"}],"wp:attachment":[{"href":"http:\/\/werdande.de\/index.php?rest_route=%2Fwp%2Fv2%2Fmedia&parent=16"}],"curies":[{"name":"wp","href":"https:\/\/api.w.org\/{rel}","templated":true}]}}