{"id":15,"date":"2017-09-17T14:03:26","date_gmt":"2017-09-17T14:03:26","guid":{"rendered":"http:\/\/werdani.one\/?page_id=15"},"modified":"2020-10-14T15:41:00","modified_gmt":"2020-10-14T15:41:00","slug":"werdandi","status":"publish","type":"page","link":"http:\/\/werdande.de\/?page_id=15","title":{"rendered":"Werdande"},"content":{"rendered":"<section id=\"blog-main\" class=\"row\">\n<div class=\"col-md-10 col-md-offset-1\">\n<div><span style=\"font-size: 1.125rem;\"><em>Alles Leben unterliegt dem Wandel. Alles\u00a0 kann von einem Zustand in einen anderen transformiert werden. Dieser Moment des Wandels ist immer Jetzt-Zeit. Jeder gef\u00fchlte und im Inneren angenommene- verinnerlichte Gedanke wird Form, nimmt Gestalt an. Angstvolles Denken ist verzerrtes Denken und f\u00fchrt zu verzerrter Form. Blockierte Lebenskraft wird zu verzerrter Daseinsform. Was geformt ist kann trans- formiert werden. Symptom wird dann zu Lebenskraft. \u00a0 \u00a0 \u00a0<\/em><\/span><\/div>\n<p><span style=\"font-size: 1.125rem;\"><em>\u00a0<\/em><\/span><\/p>\n<p><em>In deinem Wesenskern tr\u00e4gst Du den kosmischen Samen der authentischen Schwingung deines h\u00f6heren Selbstes, die Du als Information in dieser, deiner Lebenszeit mit deiner Inkarnation auf das Magnetgitter der Erde geben willst, damit sich die Evolution der Menschheit hin zu ihrem wahren Potential\u00a0 vollziehen kann.<\/em><\/p>\n<p><em>Genau JETZT wirst Du mit deiner einzigartigen, dir innewohnenden Gabe und Information gebraucht.<\/em><\/p>\n<\/div>\n<div class=\"col-md-10 col-md-offset-1\">\n<h1><em>Werde zu dem, wie du gedacht bist!<\/em><\/h1>\n<div><\/div>\n<\/div>\n<\/section>\n<p><img loading=\"lazy\" decoding=\"async\" class=\"alignleft size-large wp-image-393\" src=\"http:\/\/werdande.de\/wp-content\/uploads\/2017\/09\/Odilon_Redon_-_Ophelia-1024x768.jpg\" alt=\"\" width=\"525\" height=\"394\" srcset=\"http:\/\/werdande.de\/wp-content\/uploads\/2017\/09\/Odilon_Redon_-_Ophelia-1024x768.jpg 1024w, http:\/\/werdande.de\/wp-content\/uploads\/2017\/09\/Odilon_Redon_-_Ophelia-300x225.jpg 300w, http:\/\/werdande.de\/wp-content\/uploads\/2017\/09\/Odilon_Redon_-_Ophelia-768x576.jpg 768w, http:\/\/werdande.de\/wp-content\/uploads\/2017\/09\/Odilon_Redon_-_Ophelia.jpg 1072w\" sizes=\"auto, (max-width: 525px) 100vw, 525px\" \/><\/p>\n<section><\/section>\n<section><\/section>\n<section><\/section>\n<section><\/section>\n<section><\/section>\n<section><\/section>\n<section><\/section>\n<section><\/section>\n<section><\/section>\n<section><\/section>\n<section><\/section>\n<section><\/section>\n<section><\/section>\n<h2 class=\"row\"><b style=\"font-size: 1rem;\">Werdande<\/b><span style=\"font-size: 1rem;\"> ist der Name einer der drei Nornen aus der germanisch-nordischen Mythologie. Nach der die drei Frauen Urd (Vergangenheit), Werdande und Skuld (Zukunft) zu den Wurzeln der Weltenesche sitzen und\u00a0 die F\u00e4den des Schicksals spinnen. Der Name Werdande kommt von &#8222;werden&#8220; und ist die eine alte Bezeichnung f\u00fcr die germanische G\u00f6ttin der Gegenwart.\u00a0<\/span><\/h2>\n<section class=\"row\">Ich habe diesen Namen als Synonym f\u00fcr meine Arbeit gew\u00e4hlt, da es mein Anliegen ist daran mitzuwirken, dass sich ein pers\u00f6nliches Schicksal und die wahrgenommene subjektive Wirklichkeit ver\u00e4ndern d\u00fcrfen. Dies kann jedoch immer nur im Hier und Jetzt im aktuellen Augenblick geschehen.\u00a0 Daf\u00fcr steht Werdande &#8211; ein\u00a0 weiblicher Weg der Bewusstwerdung\u00a0 und Transformation. Der Augenblick tr\u00e4gt das ganze Potential der Sch\u00f6pfung inne. Durch bewusste Achtsamkeit und innere, geistige \u00d6ffnung f\u00fcr diese Potentiale kann jeder Moment die Geburtsstunde einer neuen Zukunft sein.<\/p>\n<p>Fr\u00fche Pr\u00e4gungen, unterdr\u00fcckte Gef\u00fchle und unvollendete Handlungen f\u00fchren zu\u00a0 Wiederholungsschleifen, die den Lebensweg eines Menschen zu einem Karussell sich st\u00e4ndig wiederholender Abl\u00e4ufe, Handlungen und Schwierigkeiten gestalten k\u00f6nnen. Durch Aufl\u00f6sung dieser alten Muster und durch Neu-Konditionierung\u00a0 des Bewusstseins, von denken, f\u00fchlen und handeln\u00a0 findet Ver\u00e4nderung und Transformation statt.<\/p>\n<h3 class=\"col-md-10 col-md-offset-1\"><span style=\"font-size: 1.5rem;\">Gestaltende und transformierende Kraft<\/span><\/h3>\n<div class=\"section-content\">\n<div class=\"row\">\n<div class=\"col-md-8\">\n<article>Werdande steht f\u00fcr die Kraft, die die\u00a0Wirklichkeit transformieren kann. Sie symbolisiert das\u00a0gestaltende Element\u00a0und bestimmt damit, was wird. Daher wird sie nicht nur als \u201edie Seiende&#8220; sondern auch als \u201edie Werdende&#8220; bezeichnet. Und dennoch ist die Gegenwart das einzig Reale, hier wirkt die\u00a0sch\u00f6pferische Kraft. Nur hier kann aus dem Material, dem Erbe der Urd\u00a0etwas gemacht werden. Sie tut das, was sie gerade tut mit Hingabe, auch wenn sie nichts tut. Als Norne der Gegenwart k\u00fcmmert sie sich um die Evolution des Weltgeschehens.<br \/>\nWerdande ist \u00a0gro\u00dfherzig, sie hat Erbarmen mit den vom Schicksal geschlagenen, sie tr\u00f6stet diese, richtet sie wieder auf und ermuntert sie, ihren\u00a0Schicksalsfaden\u00a0selbst in die Hand zu nehmen.&#8220; (artedea.net)<\/article>\n<\/div>\n<\/div>\n<\/div>\n<\/section>\n","protected":false},"excerpt":{"rendered":"<p>Alles Leben unterliegt dem Wandel. Alles\u00a0 kann von einem Zustand in einen anderen transformiert werden. Dieser Moment des Wandels ist immer Jetzt-Zeit. Jeder gef\u00fchlte und im Inneren angenommene- verinnerlichte Gedanke wird Form, nimmt Gestalt an. Angstvolles Denken ist verzerrtes Denken und f\u00fchrt zu verzerrter Form. Blockierte Lebenskraft wird zu verzerrter Daseinsform. Was geformt ist kann &hellip; <\/p>\n<p class=\"link-more\"><a href=\"http:\/\/werdande.de\/?page_id=15\" class=\"more-link\"><span class=\"screen-reader-text\">\u201eWerdande\u201c <\/span>weiterlesen<\/a><\/p>\n","protected":false},"author":1,"featured_media":0,"parent":0,"menu_order":0,"comment_status":"closed","ping_status":"closed","template":"","meta":{"footnotes":""},"class_list":["post-15","page","type-page","status-publish","hentry"],"_links":{"self":[{"href":"http:\/\/werdande.de\/index.php?rest_route=\/wp\/v2\/pages\/15","targetHints":{"allow":["GET"]}}],"collection":[{"href":"http:\/\/werdande.de\/index.php?rest_route=\/wp\/v2\/pages"}],"about":[{"href":"http:\/\/werdande.de\/index.php?rest_route=\/wp\/v2\/types\/page"}],"author":[{"embeddable":true,"href":"http:\/\/werdande.de\/index.php?rest_route=\/wp\/v2\/users\/1"}],"replies":[{"embeddable":true,"href":"http:\/\/werdande.de\/index.php?rest_route=%2Fwp%2Fv2%2Fcomments&post=15"}],"version-history":[{"count":47,"href":"http:\/\/werdande.de\/index.php?rest_route=\/wp\/v2\/pages\/15\/revisions"}],"predecessor-version":[{"id":652,"href":"http:\/\/werdande.de\/index.php?rest_route=\/wp\/v2\/pages\/15\/revisions\/652"}],"wp:attachment":[{"href":"http:\/\/werdande.de\/index.php?rest_route=%2Fwp%2Fv2%2Fmedia&parent=15"}],"curies":[{"name":"wp","href":"https:\/\/api.w.org\/{rel}","templated":true}]}}