{"id":14,"date":"2017-09-17T14:03:26","date_gmt":"2017-09-17T14:03:26","guid":{"rendered":"http:\/\/werdani.one\/?page_id=14"},"modified":"2020-10-14T16:05:54","modified_gmt":"2020-10-14T16:05:54","slug":"ueber-mich","status":"publish","type":"page","link":"http:\/\/werdande.de\/?page_id=14","title":{"rendered":"\u00fcber mich"},"content":{"rendered":"\n<figure class=\"wp-block-image size-large\"><img loading=\"lazy\" decoding=\"async\" width=\"392\" height=\"262\" src=\"http:\/\/werdande.de\/wp-content\/uploads\/2020\/10\/2018_2-2.jpg\" alt=\"\" class=\"wp-image-662\" srcset=\"http:\/\/werdande.de\/wp-content\/uploads\/2020\/10\/2018_2-2.jpg 392w, http:\/\/werdande.de\/wp-content\/uploads\/2020\/10\/2018_2-2-300x201.jpg 300w\" sizes=\"auto, (max-width: 392px) 100vw, 392px\" \/><\/figure>\n\n\n<p>Ich hei\u00dfe Karen Siegert (ehemals Kaouk) und bin im Jahr 1962 in Potsdam geboren<\/p>\n<p>ich studierte&#8230;<\/p>\n<p style=\"text-align: left;\">die Elemente\u00a0 Erde, Wasser und Luft, neben dem allt\u00e4glichen Leben, an der Fachhochschule f\u00fcr Wasserwirtschaft in Magdeburg,<\/p>\n<p>Informatik an der Technischen Hochschule in Magdeburg,<\/p>\n<p style=\"text-align: left;\">verschiedene Heilk\u00fcnste und Psychologie f\u00fcr HP an der Paracelsusschule Berlin<\/p>\n<p style=\"text-align: left;\">P\u00e4dagogik f\u00fcr die Vermittlung von sozialer Kompetenz und Gewaltpr\u00e4vention an der Alice Salomon Hochschule, Berlin<\/p>\n<p>ich war&#8230;<\/p>\n<p style=\"text-align: left;\">20 Jahre t\u00e4tig als Projektentwicklerin und Referentin in der\u00a0 Landesverwaltung Brandenburg<\/p>\n<p style=\"text-align: left;\">lebte 4 Jahre in einer spirituellen Gemeinschaft in S\u00fcd-Indien, in Auroville<\/p>\n<p>ich bin &#8230;<\/p>\n<p style=\"text-align: left;\">seit 2001 als Heilpraktikerin in Potsdam t\u00e4tig<\/p>\n<p>seit 2010\u00a0 freiberuflich als Dozentin und\u00a0 Supervisorin im Bereich Kita, Traumapr\u00e4vention, Gesundheits- und Pers\u00f6nlichkeitsentwicklung engagiert<\/p>\n<p>ich arbeite mit Menschen jeden Alters<\/p>\n<p>ich habe die folgenden Ausbildungen absolviert:<\/p>\n<ul>\n<li><em>Vision\u00e4re Cranio Sacrale Osteopathie\u00a0 &#8211; Hugh Milne, Hamburg<\/em><\/li>\n<li><em>Osteopathie in der Arbeit mit Kleinkindern &#8211; Joachim Lichtenberg, Freiburg\u00a0<\/em><\/li>\n<li><em>Transformationskinesiologie\u00a0 &#8211; Grete Fremming und Rolf Havsboel<\/em><\/li>\n<li><em>Energetisches Heilen\u00a0 &#8211; Grete Fremming<\/em><\/li>\n<li><em>Schamanische Heilkunst nach der Tradition von Black Bear &#8211; \u00a0Nayoma de Haan, Berlin<\/em><\/li>\n<li><em>Heilendes Singen \u00a0&#8211; Carien Wijnen, Berlin<\/em><\/li>\n<li><em>Drawidische Naturheilverfahren \u00a0&#8211; Vast Center for ecology and spirituality, S\u00fcdindien<\/em><\/li>\n<li><em>Inner Yogalehrerin &#8211; Vast Center for ecology and spirituality, S\u00fcdindien<\/em><\/li>\n<li><em>ReikimeisterIn nach dem Usui System<\/em><\/li>\n<li><em>Traumatherapie &#8211; Jim Feil, Weg der Mitte, Berlin<\/em><\/li>\n<li><em>TRE &#8211; David Berceli, NIBA e.V.<\/em><\/li>\n<li><em>EMDR -Barbara Lech, EMDR Ausbildungszentrum M\u00fcnchen<\/em><\/li>\n<\/ul>\n<p><strong>neben der Praxist\u00e4tigkeit arbeite ich als Dozentin in der Erzieherausbildung und bin als Supervisorin in Kitas und Grundschulen bundesweit t\u00e4tig<\/strong>.<\/p>","protected":false},"excerpt":{"rendered":"<p>Ich hei\u00dfe Karen Siegert (ehemals Kaouk) und bin im Jahr 1962 in Potsdam geboren ich studierte&#8230; die Elemente\u00a0 Erde, Wasser und Luft, neben dem allt\u00e4glichen Leben, an der Fachhochschule f\u00fcr Wasserwirtschaft in Magdeburg, Informatik an der Technischen Hochschule in Magdeburg, verschiedene Heilk\u00fcnste und Psychologie f\u00fcr HP an der Paracelsusschule Berlin P\u00e4dagogik f\u00fcr die Vermittlung von &hellip; <\/p>\n<p class=\"link-more\"><a href=\"http:\/\/werdande.de\/?page_id=14\" class=\"more-link\"><span class=\"screen-reader-text\">\u201e\u00fcber mich\u201c <\/span>weiterlesen<\/a><\/p>\n","protected":false},"author":1,"featured_media":0,"parent":0,"menu_order":0,"comment_status":"closed","ping_status":"closed","template":"","meta":{"footnotes":""},"class_list":["post-14","page","type-page","status-publish","hentry"],"_links":{"self":[{"href":"http:\/\/werdande.de\/index.php?rest_route=\/wp\/v2\/pages\/14","targetHints":{"allow":["GET"]}}],"collection":[{"href":"http:\/\/werdande.de\/index.php?rest_route=\/wp\/v2\/pages"}],"about":[{"href":"http:\/\/werdande.de\/index.php?rest_route=\/wp\/v2\/types\/page"}],"author":[{"embeddable":true,"href":"http:\/\/werdande.de\/index.php?rest_route=\/wp\/v2\/users\/1"}],"replies":[{"embeddable":true,"href":"http:\/\/werdande.de\/index.php?rest_route=%2Fwp%2Fv2%2Fcomments&post=14"}],"version-history":[{"count":31,"href":"http:\/\/werdande.de\/index.php?rest_route=\/wp\/v2\/pages\/14\/revisions"}],"predecessor-version":[{"id":663,"href":"http:\/\/werdande.de\/index.php?rest_route=\/wp\/v2\/pages\/14\/revisions\/663"}],"wp:attachment":[{"href":"http:\/\/werdande.de\/index.php?rest_route=%2Fwp%2Fv2%2Fmedia&parent=14"}],"curies":[{"name":"wp","href":"https:\/\/api.w.org\/{rel}","templated":true}]}}