{"id":131,"date":"2017-09-22T15:09:07","date_gmt":"2017-09-22T15:09:07","guid":{"rendered":"http:\/\/werdani.one\/?page_id=131"},"modified":"2018-11-06T19:05:16","modified_gmt":"2018-11-06T19:05:16","slug":"somatische-traumatherapie","status":"publish","type":"page","link":"http:\/\/werdande.de\/?page_id=131","title":{"rendered":"Somatische Traumatherapie"},"content":{"rendered":"<p><img loading=\"lazy\" decoding=\"async\" class=\"wp-image-344 size-medium alignleft\" src=\"http:\/\/werdani.one\/wp-content\/uploads\/2017\/09\/leCorps-146x300.png\" alt=\"\" width=\"146\" height=\"300\" srcset=\"http:\/\/werdande.de\/wp-content\/uploads\/2017\/09\/leCorps-146x300.png 146w, http:\/\/werdande.de\/wp-content\/uploads\/2017\/09\/leCorps.png 308w\" sizes=\"auto, (max-width: 146px) 100vw, 146px\" \/><strong>Somatische Therapie hat den therapeutischen Schwerpunkt im K\u00f6rper-Selbst.<\/strong><\/p>\n<p>Dazu z\u00e4hle ich neben dem physischen K\u00f6rper auch die feinstofflichen K\u00f6rper:<\/p>\n<p>Gesundheitsk\u00f6rper (\u00e4therischer K\u00f6rper), Empfindungs-oder Gef\u00fchlsk\u00f6rper (astraler\u00a0K\u00f6rper), Gedankenk\u00f6rper (mentaler K\u00f6rper), Ursache K\u00f6rper (kausaler K\u00f6rper)\u00a0 und die spirituellen K\u00f6rper der Seele( buddhialer und athmischer K\u00f6rper)<\/p>\n<p>Die feinstofflichen Informationen der h\u00f6her schwingenden Seelen-K\u00f6rper k\u00f6nnen uns nur dann gut erreichen und leiten, wenn die darunter liegenden K\u00f6rperebenen ihrerseits stabil, trainiert, frei und\u00a0 aufnahmef\u00e4hig sind.<\/p>\n<p>Infolge traumatischer Belastungen durch unsere Vorfahren oder durch eigenes Erleben sowie durch langanhaltenden hohen Stress werden in den Bereichen von Stammhirn und Zwischenhirn\u00a0 instinktive, archiaische Reaktionsmechanismen ausgel\u00f6st, die zu einer energetischen \u00dcberflutung der unteren K\u00f6rperaspekte\u00a0 (physisch, \u00e4therisch, astral, mental) f\u00fchren.<\/p>\n<p>Die Energieh\u00fclle dieser K\u00f6per kann dann verstopft, vernebelt oder belastet sein. Die nat\u00fcrliche Grenze dieser K\u00f6rper kann nicht mehr gehalten werden, was zu\u00a0 energetischen Verletzungen, Rissen, Narben und Ausst\u00fclpungen f\u00fchrt. Die wiederum dazu f\u00fchren k\u00f6nnen, das der n\u00e4chst h\u00f6here K\u00f6rper in seiner Arbeitsweise beeintr\u00e4chtigt wird.<\/p>\n<p>Im Vordergrund steht die Aufl\u00f6sung von traumatischer Restpannung und eingefrorener Energie, aus dem physischen K\u00f6rper, die in der Vergangenheit zur Bew\u00e4ltigung von bedrohlichen Erfahrungen bereitgestellt wurde, aber noch nicht abflie\u00dfen konnte.<\/p>\n<p>Erst wenn die Spannung vollkommen abflie\u00dfen kann und der nat\u00fcrliche Zellzustand wieder hergestellt ist, wird sich ein innerer Frieden einstellen und die eigene Seele geh\u00f6rt werden k\u00f6nnen.<\/p>\n<p>Die Wechselwirkung zwischen K\u00f6rper und Psyche wird in der somatisch- energetischen Arbeit in der Weise genutzt, das durch die Arbeit mit dem K\u00f6rper und mit tieferen, \u00e4lteren Gehirnbereichen eine Ver\u00e4nderung der psychischen Verarbeitungskapazit\u00e4t herbeigef\u00fchrt wird.<\/p>\n<p>Die Verarbeitung psychisch-emotionaler Prozesse steht im Zusammenhang mit der k\u00f6rperlichen Verdauung. Empfindungen oder Gef\u00fchle , die emotional zu gro\u00df f\u00fcr uns sind, die wir nicht mehr in uns bewegen k\u00f6nnen, fallen durch, bis in den physischen K\u00f6rper hinein und werden dort ausgeschieden.\u00a0 Sofern auf dieser Ebene die Funktionsweise ungest\u00f6rt ablaufen kann.<\/p>\n<p>Neben der energetischen Entlastung des physisch\/\u00e4therischen K\u00f6rpers wird gezielt an der Aufl\u00f6sung unterdr\u00fcckter Emotionen und unterbewusster Vermeidungsprogramme (z.B. der Herzmauer) und von hinderlichen Glaubenss\u00e4tze gearbeitet.<\/p>\n<p>Dabei haben verschiedenen Methoden zur Ableitung der Energie, wie Atemregulation, Haltung und die Arbeit mit dem inneren und \u00e4u\u00dferen K\u00f6rperraum eine gro\u00dfe Bedeutung.<\/p>\n<p>Ich nutze dabei oft meinen eigenen K\u00f6rper und die F\u00e4higkeit der empathischen Wahrnehmung um zus\u00e4tzliche Informationen dar\u00fcber zu erhalten, in welchen Bereichen ein System nicht im Gleichgewicht ist.<\/p>\n<p>In der Arbeit geht es um die Herstellung einer direkten Beziehung zu den verschiedenen K\u00f6rperaspekten, als Container f\u00fcr den inneren Raum, in dem all unsere Erfahrungen gef\u00fchlt, eingeordnet, bewertet, \u00fcbersetzt und in Handlung umgesetzt werden.<\/p>\n<p>&nbsp;<\/p>\n<p>&nbsp;<\/p>\n<p>innere K\u00f6rperbilder:<\/p>\n<p>Ich helfe Ihnen dabei, verinnerlichte Bilder und Energiemuster, die aus traumatischen Erlebnissen, chronischem Stress oder gesellschaftlicher Pr\u00e4gung entstanden sind, zu wandeln. \u00a0Durch die Verbindung mit ihrem Potential und dem wahrem Wesenskern werden die vorhandenen Zerrbilder aufgel\u00f6st und transformiert.<\/p>\n<p>&nbsp;<\/p>\n<p>&nbsp;<\/p>\n<p>&nbsp;<\/p>\n<p>&nbsp;<\/p>\n","protected":false},"excerpt":{"rendered":"<p>Somatische Therapie hat den therapeutischen Schwerpunkt im K\u00f6rper-Selbst. Dazu z\u00e4hle ich neben dem physischen K\u00f6rper auch die feinstofflichen K\u00f6rper: Gesundheitsk\u00f6rper (\u00e4therischer K\u00f6rper), Empfindungs-oder Gef\u00fchlsk\u00f6rper (astraler\u00a0K\u00f6rper), Gedankenk\u00f6rper (mentaler K\u00f6rper), Ursache K\u00f6rper (kausaler K\u00f6rper)\u00a0 und die spirituellen K\u00f6rper der Seele( buddhialer und athmischer K\u00f6rper) Die feinstofflichen Informationen der h\u00f6her schwingenden Seelen-K\u00f6rper k\u00f6nnen uns nur dann gut erreichen &hellip; <\/p>\n<p class=\"link-more\"><a href=\"http:\/\/werdande.de\/?page_id=131\" class=\"more-link\"><span class=\"screen-reader-text\">\u201eSomatische Traumatherapie\u201c <\/span>weiterlesen<\/a><\/p>\n","protected":false},"author":1,"featured_media":0,"parent":0,"menu_order":0,"comment_status":"closed","ping_status":"closed","template":"","meta":{"footnotes":""},"class_list":["post-131","page","type-page","status-publish","hentry"],"_links":{"self":[{"href":"http:\/\/werdande.de\/index.php?rest_route=\/wp\/v2\/pages\/131","targetHints":{"allow":["GET"]}}],"collection":[{"href":"http:\/\/werdande.de\/index.php?rest_route=\/wp\/v2\/pages"}],"about":[{"href":"http:\/\/werdande.de\/index.php?rest_route=\/wp\/v2\/types\/page"}],"author":[{"embeddable":true,"href":"http:\/\/werdande.de\/index.php?rest_route=\/wp\/v2\/users\/1"}],"replies":[{"embeddable":true,"href":"http:\/\/werdande.de\/index.php?rest_route=%2Fwp%2Fv2%2Fcomments&post=131"}],"version-history":[{"count":27,"href":"http:\/\/werdande.de\/index.php?rest_route=\/wp\/v2\/pages\/131\/revisions"}],"predecessor-version":[{"id":567,"href":"http:\/\/werdande.de\/index.php?rest_route=\/wp\/v2\/pages\/131\/revisions\/567"}],"wp:attachment":[{"href":"http:\/\/werdande.de\/index.php?rest_route=%2Fwp%2Fv2%2Fmedia&parent=131"}],"curies":[{"name":"wp","href":"https:\/\/api.w.org\/{rel}","templated":true}]}}