{"id":12,"date":"2017-09-17T14:03:26","date_gmt":"2017-09-17T14:03:26","guid":{"rendered":"http:\/\/werdani.one\/?page_id=12"},"modified":"2020-10-15T08:22:32","modified_gmt":"2020-10-15T08:22:32","slug":"praxis-fuer-persoenliche-transformation-und-heilung","status":"publish","type":"page","link":"http:\/\/werdande.de\/?page_id=12","title":{"rendered":"Praxis f\u00fcr pers\u00f6nliche Transformation und Beziehungs-Heilung"},"content":{"rendered":"<p style=\"text-align: center;\"><em>Heilung, als nat\u00fcrlicher Zustand des Selbst stellt sich ein, wenn Vertrauen und Sicherheit gegeben sind und die Liebe als Zustand des reinsten Selbstausdrucks nicht mehr zur\u00fcckgehalten werden braucht.\u00a0<\/em><\/p>\n<p><img loading=\"lazy\" decoding=\"async\" class=\"wp-image-76 size-full aligncenter\" src=\"http:\/\/werdani.one\/wp-content\/uploads\/2017\/09\/2014-12-09-22.23.26.png\" alt=\"\" width=\"333\" height=\"237\" srcset=\"http:\/\/werdande.de\/wp-content\/uploads\/2017\/09\/2014-12-09-22.23.26.png 333w, http:\/\/werdande.de\/wp-content\/uploads\/2017\/09\/2014-12-09-22.23.26-300x214.png 300w\" sizes=\"auto, (max-width: 333px) 100vw, 333px\" \/><\/p>\n<p>Traumata und Erfahrungen von chronischem Stress f\u00fchren zu Fehlinformationen in der Interpretation der Realit\u00e4t des Hier und Jetzt \u00a0und zu Verzerrungen in der Selbst &#8211; und Fremdwahrnehmung. Sie lassen energetische und strukturelle Pr\u00e4gungen im Organismus zur\u00fcck, die zu Fehlfunktionen von Organen, im sozialen oder emotionalem Verhalten oder zu verminderter Vitalit\u00e4t und Lebensfreude f\u00fchren \u00a0k\u00f6nnen.<\/p>\n<p>Unser wahres Selbst kann sich nicht entfalten, vollkommene Gesundheit kann sich nicht einstellen, solange alte Angst und Schmerzerfahrungen unser System in einem st\u00e4ndigen, wenn auch oft unbewussten Alarmzustand halten. Studien belegen, dass \u00fcber 90% aller Erkrankungen auf Erfahrungen von langanhaltendem Dauerstress des Organismus beruhen.<\/p>\n<p>In meiner Arbeit geht es vor allem darum einen Raum bereitzustellen, in dem Vertrauen und Sicherheit erfahren und Kontakt mit dem nat\u00fcrlichen \u00a0Sein\u00a0 hergestellt wird.<\/p>\n<p>F\u00fcr die Abl\u00f6sung von Blockierungen und Einschr\u00e4nkungen nutzen ich verschiedene Techniken aus dem Bereich der K\u00f6rper-Psychotherapie, wie \u00a0somatische Traumatherapie, Psycho- und Transformationskinesiologie, Cranio-Sacrale Osteopathie und stellvertretende Wahrnehmung aber auch meine ausgepr\u00e4gte Intuition und Medialit\u00e4t.<\/p>\n<p>Ich unterst\u00fctze in der\u00a0 Verbindung mit dem inneren Selbst und helfe bei der St\u00e4rkung der Verbindungen zwischen Eltern und Kind.<\/p>\n<p>Ich begleite Erwachsene in transformativen Prozessen auf k\u00f6rperlicher und seelischer Ebene, hin zu Gesundheit und einer liebevollen, verbundenen, annehmenden und offenen Haltung in Bezug auf sich selbst und die Mitmenschen sowie dem Leben gegen\u00fcber.<\/p>\n<p>Ich bin Ihretwegen da. Wir sind nicht voneinander getrennt. Mit jedem Qu\u00e4ntchen mehr an Freude und Harmonie, jedem F\u00fcnkchen mehr an Offenheit und Liebe, die sie sich selbst und anderen entgegenbringen k\u00f6nnen, tragen sie zu unserer gemeinsamen Heilwerdung als Menschheit bei. \u00a0Ihre Entscheidung, sich von alten Einschr\u00e4nkungen zu befreien und ihr wahres Selbst und \u00a0volles Potential zu leben, ist von gro\u00dfer Bedeutung f\u00fcr uns alle.<\/p>\n<p>Ich freue mich auf die Begegnung mit Ihnen.<\/p>\n","protected":false},"excerpt":{"rendered":"<p>Heilung, als nat\u00fcrlicher Zustand des Selbst stellt sich ein, wenn Vertrauen und Sicherheit gegeben sind und die Liebe als Zustand des reinsten Selbstausdrucks nicht mehr zur\u00fcckgehalten werden braucht.\u00a0 Traumata und Erfahrungen von chronischem Stress f\u00fchren zu Fehlinformationen in der Interpretation der Realit\u00e4t des Hier und Jetzt \u00a0und zu Verzerrungen in der Selbst &#8211; und Fremdwahrnehmung. &hellip; <\/p>\n<p class=\"link-more\"><a href=\"http:\/\/werdande.de\/?page_id=12\" class=\"more-link\"><span class=\"screen-reader-text\">\u201ePraxis f\u00fcr pers\u00f6nliche Transformation und Beziehungs-Heilung\u201c <\/span>weiterlesen<\/a><\/p>\n","protected":false},"author":1,"featured_media":0,"parent":0,"menu_order":0,"comment_status":"closed","ping_status":"closed","template":"","meta":{"footnotes":""},"class_list":["post-12","page","type-page","status-publish","hentry"],"_links":{"self":[{"href":"http:\/\/werdande.de\/index.php?rest_route=\/wp\/v2\/pages\/12","targetHints":{"allow":["GET"]}}],"collection":[{"href":"http:\/\/werdande.de\/index.php?rest_route=\/wp\/v2\/pages"}],"about":[{"href":"http:\/\/werdande.de\/index.php?rest_route=\/wp\/v2\/types\/page"}],"author":[{"embeddable":true,"href":"http:\/\/werdande.de\/index.php?rest_route=\/wp\/v2\/users\/1"}],"replies":[{"embeddable":true,"href":"http:\/\/werdande.de\/index.php?rest_route=%2Fwp%2Fv2%2Fcomments&post=12"}],"version-history":[{"count":25,"href":"http:\/\/werdande.de\/index.php?rest_route=\/wp\/v2\/pages\/12\/revisions"}],"predecessor-version":[{"id":686,"href":"http:\/\/werdande.de\/index.php?rest_route=\/wp\/v2\/pages\/12\/revisions\/686"}],"wp:attachment":[{"href":"http:\/\/werdande.de\/index.php?rest_route=%2Fwp%2Fv2%2Fmedia&parent=12"}],"curies":[{"name":"wp","href":"https:\/\/api.w.org\/{rel}","templated":true}]}}