{"id":101,"date":"2017-09-22T09:37:46","date_gmt":"2017-09-22T09:37:46","guid":{"rendered":"http:\/\/werdani.one\/?page_id=101"},"modified":"2020-10-14T14:04:57","modified_gmt":"2020-10-14T14:04:57","slug":"startseite","status":"publish","type":"page","link":"http:\/\/werdande.de\/","title":{"rendered":"Startseite"},"content":{"rendered":"<p><img loading=\"lazy\" decoding=\"async\" class=\"wp-image-287 size-full aligncenter\" src=\"http:\/\/werdani.one\/wp-content\/uploads\/2017\/09\/Werdande.jpg\" alt=\"\" width=\"580\" height=\"560\" srcset=\"http:\/\/werdande.de\/wp-content\/uploads\/2017\/09\/Werdande.jpg 580w, http:\/\/werdande.de\/wp-content\/uploads\/2017\/09\/Werdande-300x290.jpg 300w\" sizes=\"auto, (max-width: 580px) 100vw, 580px\" \/><\/p>\n<p>Warmherzig, m\u00fctterlich, f\u00fcrsorglich, mit offenen Armen, gibt es nichts, was\u00a0<span style=\"font-size: 1rem;\">mich ersch\u00fcttert. Ich nehme alles an und auf, ganz sanft, ganz freiwillig. So wie Sie sind, sind Sie richtig.\u00a0 Ver\u00e4nderung darf geschehen, doch nichts muss.<\/span><\/p>\n<p>Sch\u00f6n, dass Sie jetzt da sind, dass Sie zu mir gefunden haben. Wir haben eine Verabredung miteinander.\u00a0 Ich habe eine gro\u00dfe Bereitschaft, in die Verbindung mit Ihnen zu gehen. Nur daf\u00fcr bin ich da.<\/p>\n<p>Ich freue mich auf jede Begegnung. F\u00fcr mich ist es das gr\u00f6\u00dfte Geschenk, wenn jemand kommt, um in seine Ganzheit zu finden. Egal wer es ist, ein einzelner Mensch, eine Familie, eine Gesellschaft &#8230; alles will heilen.<\/p>\n<p align=\"center\"><small><strong><span style=\"font-family: Arial;\">\u00a0<\/span><\/strong><\/small><\/p>\n","protected":false},"excerpt":{"rendered":"<p>Warmherzig, m\u00fctterlich, f\u00fcrsorglich, mit offenen Armen, gibt es nichts, was\u00a0mich ersch\u00fcttert. Ich nehme alles an und auf, ganz sanft, ganz freiwillig. So wie Sie sind, sind Sie richtig.\u00a0 Ver\u00e4nderung darf geschehen, doch nichts muss. Sch\u00f6n, dass Sie jetzt da sind, dass Sie zu mir gefunden haben. Wir haben eine Verabredung miteinander.\u00a0 Ich habe eine gro\u00dfe &hellip; <\/p>\n<p class=\"link-more\"><a href=\"http:\/\/werdande.de\/\" class=\"more-link\"><span class=\"screen-reader-text\">\u201eStartseite\u201c <\/span>weiterlesen<\/a><\/p>\n","protected":false},"author":1,"featured_media":0,"parent":0,"menu_order":0,"comment_status":"closed","ping_status":"closed","template":"","meta":{"footnotes":""},"class_list":["post-101","page","type-page","status-publish","hentry"],"_links":{"self":[{"href":"http:\/\/werdande.de\/index.php?rest_route=\/wp\/v2\/pages\/101","targetHints":{"allow":["GET"]}}],"collection":[{"href":"http:\/\/werdande.de\/index.php?rest_route=\/wp\/v2\/pages"}],"about":[{"href":"http:\/\/werdande.de\/index.php?rest_route=\/wp\/v2\/types\/page"}],"author":[{"embeddable":true,"href":"http:\/\/werdande.de\/index.php?rest_route=\/wp\/v2\/users\/1"}],"replies":[{"embeddable":true,"href":"http:\/\/werdande.de\/index.php?rest_route=%2Fwp%2Fv2%2Fcomments&post=101"}],"version-history":[{"count":31,"href":"http:\/\/werdande.de\/index.php?rest_route=\/wp\/v2\/pages\/101\/revisions"}],"predecessor-version":[{"id":620,"href":"http:\/\/werdande.de\/index.php?rest_route=\/wp\/v2\/pages\/101\/revisions\/620"}],"wp:attachment":[{"href":"http:\/\/werdande.de\/index.php?rest_route=%2Fwp%2Fv2%2Fmedia&parent=101"}],"curies":[{"name":"wp","href":"https:\/\/api.w.org\/{rel}","templated":true}]}}